{"id":22,"date":"2025-08-07T03:20:48","date_gmt":"2025-08-07T03:20:48","guid":{"rendered":""},"modified":"2025-11-03T06:42:18","modified_gmt":"2025-11-03T06:42:18","slug":"contact","status":"publish","type":"page","link":"https:\/\/siestastation.pro\/?page_id=22","title":{"rendered":"Contacto"},"content":{"rendered":"<p>\u00bfTienes alguna pregunta? Estamos aqu\u00ed para ayudarte:<\/p>\n<p>Direcci\u00f3n: Calle Gaming 123, Madrid<\/p>\n<p>Tel\u00e9fono: +34 123 456 789<\/p>\n<p>Email: info@siestastation.pro<\/p>\n<p><img decoding=\"async\" src=\"https:\/\/siestastation.pro\/wp-content\/uploads\/2025\/08\/aaeef793-75ca-4f30-a60e-cf2c8e752770.webp\" alt=\"\" \/><\/p>\n<p>Horario: Lunes a Domingo de 10:00 a 22:00<\/p>\n\n\n<p><\/p>\n","protected":false},"excerpt":{"rendered":"<p>\u00bfTienes alguna pregunta? Estamos aqu\u00ed para ayudarte: Direcci\u00f3n: Calle Gaming 123, Madrid Tel\u00e9fono: +34 123 456 789 Email: info@siestastation.pro Horario: Lunes a Domingo de 10:00 a 22:00<\/p>\n","protected":false},"author":1,"featured_media":23,"parent":0,"menu_order":0,"comment_status":"closed","ping_status":"closed","template":"","meta":{"footnotes":""},"class_list":["post-22","page","type-page","status-publish","has-post-thumbnail","hentry"],"_links":{"self":[{"href":"https:\/\/siestastation.pro\/index.php?rest_route=\/wp\/v2\/pages\/22","targetHints":{"allow":["GET"]}}],"collection":[{"href":"https:\/\/siestastation.pro\/index.php?rest_route=\/wp\/v2\/pages"}],"about":[{"href":"https:\/\/siestastation.pro\/index.php?rest_route=\/wp\/v2\/types\/page"}],"author":[{"embeddable":true,"href":"https:\/\/siestastation.pro\/index.php?rest_route=\/wp\/v2\/users\/1"}],"replies":[{"embeddable":true,"href":"https:\/\/siestastation.pro\/index.php?rest_route=%2Fwp%2Fv2%2Fcomments&post=22"}],"version-history":[{"count":2,"href":"https:\/\/siestastation.pro\/index.php?rest_route=\/wp\/v2\/pages\/22\/revisions"}],"predecessor-version":[{"id":48,"href":"https:\/\/siestastation.pro\/index.php?rest_route=\/wp\/v2\/pages\/22\/revisions\/48"}],"wp:featuredmedia":[{"embeddable":true,"href":"https:\/\/siestastation.pro\/index.php?rest_route=\/wp\/v2\/media\/23"}],"wp:attachment":[{"href":"https:\/\/siestastation.pro\/index.php?rest_route=%2Fwp%2Fv2%2Fmedia&parent=22"}],"curies":[{"name":"wp","href":"https:\/\/api.w.org\/{rel}","templated":true}]}}